{"id":1591,"date":"2022-02-01T18:12:19","date_gmt":"2022-02-01T17:12:19","guid":{"rendered":"https:\/\/www.kaiserzander.de\/?page_id=1591"},"modified":"2022-04-15T15:12:06","modified_gmt":"2022-04-15T14:12:06","slug":"impressum","status":"publish","type":"page","link":"https:\/\/www.kaiserzander.de\/en\/impressum\/","title":{"rendered":"Imprint"},"content":{"rendered":"<div data-elementor-type=\"wp-page\" data-elementor-id=\"1591\" class=\"elementor elementor-1591\" data-elementor-post-type=\"page\">\n\t\t\t\t\t\t<section class=\"elementor-section elementor-top-section elementor-element elementor-element-b211286 elementor-section-full_width elementor-section-height-min-height elementor-section-items-stretch elementor-section-height-default\" data-id=\"b211286\" data-element_type=\"section\" data-settings=\"{&quot;background_background&quot;:&quot;classic&quot;}\">\n\t\t\t\t\t\t\t<div class=\"elementor-background-overlay\"><\/div>\n\t\t\t\t\t\t\t<div class=\"elementor-container elementor-column-gap-no\">\n\t\t\t\t\t<div class=\"elementor-column elementor-col-100 elementor-top-column elementor-element elementor-element-ff3f2e6\" data-id=\"ff3f2e6\" data-element_type=\"column\">\n\t\t\t<div class=\"elementor-widget-wrap elementor-element-populated\">\n\t\t\t\t\t\t<div class=\"elementor-element elementor-element-63d9f65 elementor-widget elementor-widget-heading\" data-id=\"63d9f65\" data-element_type=\"widget\" data-widget_type=\"heading.default\">\n\t\t\t\t<div class=\"elementor-widget-container\">\n\t\t\t<h3 class=\"elementor-heading-title elementor-size-default\">Imprint<\/h3>\t\t<\/div>\n\t\t\t\t<\/div>\n\t\t\t\t<div class=\"elementor-element elementor-element-65aa21f elementor-widget__width-initial elementor-absolute elementor-widget-mobile__width-initial elementor-hidden-mobile elementor-widget elementor-widget-html\" data-id=\"65aa21f\" data-element_type=\"widget\" data-settings=\"{&quot;_position&quot;:&quot;absolute&quot;}\" data-widget_type=\"html.default\">\n\t\t\t\t<div class=\"elementor-widget-container\">\n\t\t\t<a href=\"#content\" style=\"display:block;\">\r\n<svg xmlns=\"http:\/\/www.w3.org\/2000\/svg\" width=\"42.574\" height=\"49.67\" viewbox=\"0 0 42.574 49.67\">\r\n  <path id=\"Icon_metro-arrow-right\" data-name=\"Icon metro-arrow-right\" d=\"M35.39,47.319,53.129,29.58a3.548,3.548,0,0,0,0-5.017L35.39,6.823a3.548,3.548,0,1,0-5.017,5.017L42.055,23.523H8.047a3.548,3.548,0,0,0,0,7.1H42.055L30.373,42.3a3.548,3.548,0,1,0,5.017,5.017Z\" transform=\"translate(48.358 -4.499) rotate(90)\" fill=\"#0075b8\"\/>\r\n<\/svg>\r\n<\/a>\t\t<\/div>\n\t\t\t\t<\/div>\n\t\t\t\t\t<\/div>\n\t\t<\/div>\n\t\t\t\t\t<\/div>\n\t\t<\/section>\n\t\t\t\t<section class=\"elementor-section elementor-top-section elementor-element elementor-element-eb25ab5 elementor-section-full_width elementor-section-height-default elementor-section-height-default\" data-id=\"eb25ab5\" data-element_type=\"section\">\n\t\t\t\t\t\t<div class=\"elementor-container elementor-column-gap-no\">\n\t\t\t\t\t<div class=\"elementor-column elementor-col-100 elementor-top-column elementor-element elementor-element-a47a491\" data-id=\"a47a491\" data-element_type=\"column\">\n\t\t\t<div class=\"elementor-widget-wrap elementor-element-populated\">\n\t\t\t\t\t\t<section class=\"elementor-section elementor-inner-section elementor-element elementor-element-04e83c9 elementor-section-full_width elementor-section-height-default elementor-section-height-default\" data-id=\"04e83c9\" data-element_type=\"section\">\n\t\t\t\t\t\t<div class=\"elementor-container elementor-column-gap-no\">\n\t\t\t\t\t<div class=\"elementor-column elementor-col-100 elementor-inner-column elementor-element elementor-element-3b14a93\" data-id=\"3b14a93\" data-element_type=\"column\">\n\t\t\t<div class=\"elementor-widget-wrap elementor-element-populated\">\n\t\t\t\t\t\t<div class=\"elementor-element elementor-element-4c40bee elementor-widget elementor-widget-heading\" data-id=\"4c40bee\" data-element_type=\"widget\" data-widget_type=\"heading.default\">\n\t\t\t\t<div class=\"elementor-widget-container\">\n\t\t\t<h2 class=\"elementor-heading-title elementor-size-default\">legal pages<\/h2>\t\t<\/div>\n\t\t\t\t<\/div>\n\t\t\t\t<div class=\"elementor-element elementor-element-a70a19a elementor-widget elementor-widget-heading\" data-id=\"a70a19a\" data-element_type=\"widget\" data-widget_type=\"heading.default\">\n\t\t\t\t<div class=\"elementor-widget-container\">\n\t\t\t<h3 class=\"elementor-heading-title elementor-size-default\">Imprint<\/h3>\t\t<\/div>\n\t\t\t\t<\/div>\n\t\t\t\t<div class=\"elementor-element elementor-element-c620225 elementor-widget elementor-widget-text-editor\" data-id=\"c620225\" data-element_type=\"widget\" data-widget_type=\"text-editor.default\">\n\t\t\t\t<div class=\"elementor-widget-container\">\n\t\t\t\t\t\t\t<p>According to \u00a7 5 TMG<\/p><p><strong>Kaiserzander GmbH &amp; Co. KG<\/strong><br \/>Im Dickert 12<br \/>32457 Porta Westfalica<\/p><p>+49 (0) 570 69 41 50<br \/><a href=\"mailto:info@kaiserzander.de\">info@kaiserzander.de<\/a><\/p><p><strong>Disclaimer<\/strong><br \/>Despite careful content control, I assume no liability for the content of external links.<br \/>The operators of the linked pages are solely responsible for their content. All information is non-binding. I reserve the right to change, supplement or delete my website or parts of it without prior notice or to temporarily or permanently cease publication.<\/p><p><strong>Copyright, trademark and other intellectual property rights<\/strong><br \/>The content and works published on this website are protected by copyright. Any use not permitted by German copyright law requires the prior written consent of the respective author or originator. This applies in particular to the duplication, processing, translation, storage, processing or reproduction of content in databases or other electronic media and systems. Content and contributions of third parties are marked as such. The unauthorized duplication or forwarding of individual contents or complete pages is not permitted. Only the production of copies and downloads for personal, private and non-commercial use is permitted.<\/p><p>Links to the provider&#039;s website are always welcome and do not require the consent of the website provider. The presentation of this website in external frames is not permitted.<\/p><p><strong>copyright<\/strong><br \/>Depending on the assignment, the copyright of the work shown lies with the agency named accordingly.<\/p><p><strong>web design<br \/><\/strong>Customer-focused GmbH | <a href=\"https:\/\/kundenfokussiert.de\/\">customer-focused.de\u00a0<\/a><br \/>gold street 9 | c\/o Pioneers Club<br \/>D-33602 Bielefeld<\/p><p><strong>web development<br \/><\/strong>Luke Maywald |\u00a0<a href=\"http:\/\/mywld.de\">mywld.de<\/a><\/p>\t\t\t\t\t\t<\/div>\n\t\t\t\t<\/div>\n\t\t\t\t\t<\/div>\n\t\t<\/div>\n\t\t\t\t\t<\/div>\n\t\t<\/section>\n\t\t\t\t\t<\/div>\n\t\t<\/div>\n\t\t\t\t\t<\/div>\n\t\t<\/section>\n\t\t\t\t<\/div>","protected":false},"excerpt":{"rendered":"<p>rechtliche Seiten Impressum Angaben gem\u00e4\u00df \u00a7 5 TMG Kaiserzander GmbH &amp; Co. KGIm Dickert 1232457 Porta Westfalica +49 (0) 570 69 41 50info@kaiserzander.de HaftungsausschlussTrotz sorgf\u00e4ltiger inhaltlicher Kontrolle \u00fcbernehmen ich keine Haftung f\u00fcr die Inhalte externer Links.F\u00fcr den Inhalt der verlinkten Seiten sind ausschlie\u00dflich deren Betreiber verantwortlich. Alle Angaben sind freibleibend und unverbindlich. Ich behalten mir [&hellip;]<\/p>","protected":false},"author":1,"featured_media":0,"parent":0,"menu_order":0,"comment_status":"closed","ping_status":"closed","template":"elementor_header_footer","meta":{"_acf_changed":false,"_monsterinsights_skip_tracking":false,"_monsterinsights_sitenote_active":false,"_monsterinsights_sitenote_note":"","_monsterinsights_sitenote_category":0,"footnotes":""},"class_list":["post-1591","page","type-page","status-publish","hentry"],"acf":[],"aioseo_notices":[],"_links":{"self":[{"href":"https:\/\/www.kaiserzander.de\/en\/wp-json\/wp\/v2\/pages\/1591","targetHints":{"allow":["GET"]}}],"collection":[{"href":"https:\/\/www.kaiserzander.de\/en\/wp-json\/wp\/v2\/pages"}],"about":[{"href":"https:\/\/www.kaiserzander.de\/en\/wp-json\/wp\/v2\/types\/page"}],"author":[{"embeddable":true,"href":"https:\/\/www.kaiserzander.de\/en\/wp-json\/wp\/v2\/users\/1"}],"replies":[{"embeddable":true,"href":"https:\/\/www.kaiserzander.de\/en\/wp-json\/wp\/v2\/comments?post=1591"}],"version-history":[{"count":0,"href":"https:\/\/www.kaiserzander.de\/en\/wp-json\/wp\/v2\/pages\/1591\/revisions"}],"wp:attachment":[{"href":"https:\/\/www.kaiserzander.de\/en\/wp-json\/wp\/v2\/media?parent=1591"}],"curies":[{"name":"wp","href":"https:\/\/api.w.org\/{rel}","templated":true}]}}