{"id":2774,"date":"2022-03-31T14:25:40","date_gmt":"2022-03-31T13:25:40","guid":{"rendered":"https:\/\/www.kaiserzander.de\/?page_id=2774"},"modified":"2022-04-05T14:21:59","modified_gmt":"2022-04-05T13:21:59","slug":"agb","status":"publish","type":"page","link":"https:\/\/www.kaiserzander.de\/en\/agb\/","title":{"rendered":"Conditions"},"content":{"rendered":"<div data-elementor-type=\"wp-page\" data-elementor-id=\"2774\" class=\"elementor elementor-2774\" data-elementor-post-type=\"page\">\n\t\t\t\t\t\t<section class=\"elementor-section elementor-top-section elementor-element elementor-element-064c2a8 elementor-section-full_width elementor-section-height-min-height elementor-section-items-stretch elementor-section-height-default\" data-id=\"064c2a8\" data-element_type=\"section\" data-settings=\"{&quot;background_background&quot;:&quot;classic&quot;}\">\n\t\t\t\t\t\t\t<div class=\"elementor-background-overlay\"><\/div>\n\t\t\t\t\t\t\t<div class=\"elementor-container elementor-column-gap-no\">\n\t\t\t\t\t<div class=\"elementor-column elementor-col-100 elementor-top-column elementor-element elementor-element-b3140a4\" data-id=\"b3140a4\" data-element_type=\"column\">\n\t\t\t<div class=\"elementor-widget-wrap elementor-element-populated\">\n\t\t\t\t\t\t<div class=\"elementor-element elementor-element-f8a45a9 elementor-widget elementor-widget-heading\" data-id=\"f8a45a9\" data-element_type=\"widget\" data-widget_type=\"heading.default\">\n\t\t\t\t<div class=\"elementor-widget-container\">\n\t\t\t<h3 class=\"elementor-heading-title elementor-size-default\">Terms of Service<\/h3>\t\t<\/div>\n\t\t\t\t<\/div>\n\t\t\t\t<div class=\"elementor-element elementor-element-80ff6f9 elementor-widget__width-initial elementor-absolute elementor-widget-mobile__width-initial elementor-hidden-mobile elementor-widget elementor-widget-html\" data-id=\"80ff6f9\" data-element_type=\"widget\" data-settings=\"{&quot;_position&quot;:&quot;absolute&quot;}\" data-widget_type=\"html.default\">\n\t\t\t\t<div class=\"elementor-widget-container\">\n\t\t\t<a href=\"#content\" style=\"display:block;\">\r\n<svg xmlns=\"http:\/\/www.w3.org\/2000\/svg\" width=\"42.574\" height=\"49.67\" viewbox=\"0 0 42.574 49.67\">\r\n  <path id=\"Icon_metro-arrow-right\" data-name=\"Icon metro-arrow-right\" d=\"M35.39,47.319,53.129,29.58a3.548,3.548,0,0,0,0-5.017L35.39,6.823a3.548,3.548,0,1,0-5.017,5.017L42.055,23.523H8.047a3.548,3.548,0,0,0,0,7.1H42.055L30.373,42.3a3.548,3.548,0,1,0,5.017,5.017Z\" transform=\"translate(48.358 -4.499) rotate(90)\" fill=\"#0075b8\"\/>\r\n<\/svg>\r\n<\/a>\t\t<\/div>\n\t\t\t\t<\/div>\n\t\t\t\t\t<\/div>\n\t\t<\/div>\n\t\t\t\t\t<\/div>\n\t\t<\/section>\n\t\t\t\t<section class=\"elementor-section elementor-top-section elementor-element elementor-element-dcdc58f elementor-section-full_width elementor-section-height-default elementor-section-height-default\" data-id=\"dcdc58f\" data-element_type=\"section\">\n\t\t\t\t\t\t<div class=\"elementor-container elementor-column-gap-no\">\n\t\t\t\t\t<div class=\"elementor-column elementor-col-100 elementor-top-column elementor-element elementor-element-c009a27\" data-id=\"c009a27\" data-element_type=\"column\">\n\t\t\t<div class=\"elementor-widget-wrap elementor-element-populated\">\n\t\t\t\t\t\t<section class=\"elementor-section elementor-inner-section elementor-element elementor-element-d562559 elementor-section-full_width elementor-section-height-default elementor-section-height-default\" data-id=\"d562559\" data-element_type=\"section\">\n\t\t\t\t\t\t<div class=\"elementor-container elementor-column-gap-no\">\n\t\t\t\t\t<div class=\"elementor-column elementor-col-100 elementor-inner-column elementor-element elementor-element-2523d66\" data-id=\"2523d66\" data-element_type=\"column\">\n\t\t\t<div class=\"elementor-widget-wrap elementor-element-populated\">\n\t\t\t\t\t\t<div class=\"elementor-element elementor-element-12b0fdc elementor-widget elementor-widget-heading\" data-id=\"12b0fdc\" data-element_type=\"widget\" data-widget_type=\"heading.default\">\n\t\t\t\t<div class=\"elementor-widget-container\">\n\t\t\t<h2 class=\"elementor-heading-title elementor-size-default\">legal pages<\/h2>\t\t<\/div>\n\t\t\t\t<\/div>\n\t\t\t\t<div class=\"elementor-element elementor-element-5c51d8d elementor-widget elementor-widget-heading\" data-id=\"5c51d8d\" data-element_type=\"widget\" data-widget_type=\"heading.default\">\n\t\t\t\t<div class=\"elementor-widget-container\">\n\t\t\t<h3 class=\"elementor-heading-title elementor-size-default\">Terms of Service<\/h3>\t\t<\/div>\n\t\t\t\t<\/div>\n\t\t\t\t<div class=\"elementor-element elementor-element-1707cab elementor-widget elementor-widget-text-editor\" data-id=\"1707cab\" data-element_type=\"widget\" data-widget_type=\"text-editor.default\">\n\t\t\t\t<div class=\"elementor-widget-container\">\n\t\t\t\t\t\t\t<p><strong>General terms and conditions for stocking fish (live animals).<\/strong><\/p><p><br \/>The following conditions apply to all contracts, deliveries and other services concluded with Fischzucht Kaiserzander GmbH &amp; Co. KG. These GTC apply exclusively.<\/p><p><br \/><strong>\u00a71<\/strong><br \/>All offers are non-binding.<br \/>Confirmed orders for deliveries of fish from our own breeding need not be carried out if the service has become impossible due to illness or force majeure, or if the seller is unable to cover his usual personal needs as a result. In this case, the buyer must be informed immediately.<\/p><p><br \/><strong>\u00a72<\/strong><br \/>The fish remain the property of the seller until full payment has been made. However, the buyer is authorized to resell the fish in the ordinary course of business, even before payment. If he makes use of this, he assigns the resulting purchase price claim against his customer to the seller as security.<\/p><p><br \/><strong>\u00a73<\/strong><br \/>All prices (in euros) are without discount and apply ex system plus statutory VAT. Delivery costs are calculated separately according to expenditure. In the event of default, default interest of 5 % above the base interest rate must be paid for each month started.<\/p><p><br \/><strong>\u00a74<\/strong><br \/>The transport risk is borne by the buyer if he accepts the fish from the facility. It is at the expense of the seller if he has taken over the transport to the buyer. In this case, when buying live fish, the seller guarantees live arrival. In the case of justified complaints, e.g. B. from transport damage, the buyer is only entitled to a reduction in the purchase price. However, the seller is free to supply a replacement.<\/p><p><br \/><strong>\u00a75<\/strong><br \/>The amount of fish determined during loading applies. The buyer is free to monitor the quantity take-off. Upon delivery, the determination of the quantity by the purchaser will only be accepted if it is carried out immediately upon unloading. Deviations of up to 10 % in size and unit weight are reserved for delivery.<\/p><p><br \/><strong>\u00a76<\/strong><br \/>The seller assures that only animals that appear healthy on the outside are sold and that there are no signs of an infectious disease. Due to the nature of the matter, internal diseases and parasites cannot be held responsible.<\/p><p><br \/><strong>\u00a77<\/strong><br \/>The place of jurisdiction is the court responsible for the place of residence of the seller.<\/p><p><br \/><strong>\u00a78th<\/strong><br \/>Defects in fish deliveries must be reported immediately when loading or unloading. At a later point in time this is no longer possible. With the above signature, the general terms and conditions of Fischzucht Kaiserzander GmbH &amp; Co. KG are accepted.<\/p>\t\t\t\t\t\t<\/div>\n\t\t\t\t<\/div>\n\t\t\t\t\t<\/div>\n\t\t<\/div>\n\t\t\t\t\t<\/div>\n\t\t<\/section>\n\t\t\t\t\t<\/div>\n\t\t<\/div>\n\t\t\t\t\t<\/div>\n\t\t<\/section>\n\t\t\t\t<\/div>","protected":false},"excerpt":{"rendered":"<p>rechtliche Seiten Allgemeine Gesch\u00e4ftsbedingungen Allgemeine Gesch\u00e4ftsbedingungen f\u00fcr Besatzfische (Lebende Tiere). Die nachstehenden Bedingungen gelten f\u00fcr alle mit der Fischzucht Kaiserzander GmbH &amp; Co. KG geschlossenen Vertr\u00e4ge, Lieferungen und sonstige Leistungen. Diese AGB gelten ausschlie\u00dflich. \u00a71 S\u00e4mtliche Angebote sind freibleibend. Best\u00e4tigte Bestellungen f\u00fcr Lieferungen von Fischen aus eigener Aufzucht brauchen nicht ausgef\u00fchrt werden, wenn die Leistung [&hellip;]<\/p>","protected":false},"author":1,"featured_media":0,"parent":0,"menu_order":0,"comment_status":"closed","ping_status":"closed","template":"elementor_header_footer","meta":{"_acf_changed":false,"_monsterinsights_skip_tracking":false,"_monsterinsights_sitenote_active":false,"_monsterinsights_sitenote_note":"","_monsterinsights_sitenote_category":0,"footnotes":""},"class_list":["post-2774","page","type-page","status-publish","hentry"],"acf":[],"aioseo_notices":[],"_links":{"self":[{"href":"https:\/\/www.kaiserzander.de\/en\/wp-json\/wp\/v2\/pages\/2774","targetHints":{"allow":["GET"]}}],"collection":[{"href":"https:\/\/www.kaiserzander.de\/en\/wp-json\/wp\/v2\/pages"}],"about":[{"href":"https:\/\/www.kaiserzander.de\/en\/wp-json\/wp\/v2\/types\/page"}],"author":[{"embeddable":true,"href":"https:\/\/www.kaiserzander.de\/en\/wp-json\/wp\/v2\/users\/1"}],"replies":[{"embeddable":true,"href":"https:\/\/www.kaiserzander.de\/en\/wp-json\/wp\/v2\/comments?post=2774"}],"version-history":[{"count":0,"href":"https:\/\/www.kaiserzander.de\/en\/wp-json\/wp\/v2\/pages\/2774\/revisions"}],"wp:attachment":[{"href":"https:\/\/www.kaiserzander.de\/en\/wp-json\/wp\/v2\/media?parent=2774"}],"curies":[{"name":"wp","href":"https:\/\/api.w.org\/{rel}","templated":true}]}}